{"id":1435,"date":"2023-10-12T13:20:39","date_gmt":"2023-10-12T12:20:39","guid":{"rendered":"https:\/\/mayarstyle.com\/?post_type=product&#038;p=1435"},"modified":"2024-05-27T16:12:12","modified_gmt":"2024-05-27T12:12:12","slug":"marin0007","status":"publish","type":"product","link":"https:\/\/mayarstyle.com\/fr\/product\/marin0007\/","title":{"rendered":"MARIN0007"},"content":{"rendered":"<p>Bague chic en argent r\u00e9glable : rehaussez votre style avec cette bague magnifiquement con\u00e7ue, plaqu\u00e9e en argent scintillant et orn\u00e9e de zircones cubiques rayonnantes. Sa taille r\u00e9glable assure un ajustement sur mesure, ce qui en fait un m\u00e9lange parfait d&#039;\u00e9l\u00e9gance et de polyvalence.<\/p>","protected":false},"excerpt":{"rendered":"<p>Bague en plaqu\u00e9 argent avec zircone cubique. Taille ajustable<\/p>","protected":false},"featured_media":1436,"comment_status":"open","ping_status":"closed","template":"","meta":{"site-sidebar-layout":"default","site-content-layout":"default","ast-global-header-display":"","ast-banner-title-visibility":"","ast-main-header-display":"","ast-hfb-above-header-display":"","ast-hfb-below-header-display":"","ast-hfb-mobile-header-display":"","site-post-title":"","ast-breadcrumbs-content":"","ast-featured-img":"","footer-sml-layout":"","theme-transparent-header-meta":"default","adv-header-id-meta":"","stick-header-meta":"","header-above-stick-meta":"","header-main-stick-meta":"","header-below-stick-meta":""},"product_cat":[36],"product_tag":[],"_links":{"self":[{"href":"https:\/\/mayarstyle.com\/fr\/wp-json\/wp\/v2\/product\/1435"}],"collection":[{"href":"https:\/\/mayarstyle.com\/fr\/wp-json\/wp\/v2\/product"}],"about":[{"href":"https:\/\/mayarstyle.com\/fr\/wp-json\/wp\/v2\/types\/product"}],"replies":[{"embeddable":true,"href":"https:\/\/mayarstyle.com\/fr\/wp-json\/wp\/v2\/comments?post=1435"}],"version-history":[{"count":1,"href":"https:\/\/mayarstyle.com\/fr\/wp-json\/wp\/v2\/product\/1435\/revisions"}],"predecessor-version":[{"id":1438,"href":"https:\/\/mayarstyle.com\/fr\/wp-json\/wp\/v2\/product\/1435\/revisions\/1438"}],"wp:featuredmedia":[{"embeddable":true,"href":"https:\/\/mayarstyle.com\/fr\/wp-json\/wp\/v2\/media\/1436"}],"wp:attachment":[{"href":"https:\/\/mayarstyle.com\/fr\/wp-json\/wp\/v2\/media?parent=1435"}],"wp:term":[{"taxonomy":"product_cat","embeddable":true,"href":"https:\/\/mayarstyle.com\/fr\/wp-json\/wp\/v2\/product_cat?post=1435"},{"taxonomy":"product_tag","embeddable":true,"href":"https:\/\/mayarstyle.com\/fr\/wp-json\/wp\/v2\/product_tag?post=1435"}],"curies":[{"name":"wp","href":"https:\/\/api.w.org\/{rel}","templated":true}]}}