{"id":1439,"date":"2023-10-12T13:23:39","date_gmt":"2023-10-12T12:23:39","guid":{"rendered":"https:\/\/mayarstyle.com\/?post_type=product&#038;p=1439"},"modified":"2024-05-27T16:09:54","modified_gmt":"2024-05-27T12:09:54","slug":"maear0006","status":"publish","type":"product","link":"https:\/\/mayarstyle.com\/fr\/product\/maear0006\/","title":{"rendered":"MAEAR0006"},"content":{"rendered":"<p>Ensemble \u00c9l\u00e9gance Bicolore : Plongez dans le charme de cet ensemble collier et boucles d&#039;oreilles, plaqu\u00e9s dans un m\u00e9lange harmonieux d&#039;or et d&#039;argent. T\u00e9moignage d&#039;une beaut\u00e9 intemporelle, cet ensemble rehausse sans effort n&#039;importe quelle tenue, ce qui en fait un ajout pr\u00e9cieux \u00e0 toute collection de bijoux.<\/p>","protected":false},"excerpt":{"rendered":"<p>Collier plaqu\u00e9 or et argent + Boucles d&#039;oreilles.<\/p>","protected":false},"featured_media":1440,"comment_status":"open","ping_status":"closed","template":"","meta":{"site-sidebar-layout":"default","site-content-layout":"default","ast-global-header-display":"","ast-banner-title-visibility":"","ast-main-header-display":"","ast-hfb-above-header-display":"","ast-hfb-below-header-display":"","ast-hfb-mobile-header-display":"","site-post-title":"","ast-breadcrumbs-content":"","ast-featured-img":"","footer-sml-layout":"","theme-transparent-header-meta":"default","adv-header-id-meta":"","stick-header-meta":"","header-above-stick-meta":"","header-main-stick-meta":"","header-below-stick-meta":""},"product_cat":[33],"product_tag":[],"_links":{"self":[{"href":"https:\/\/mayarstyle.com\/fr\/wp-json\/wp\/v2\/product\/1439"}],"collection":[{"href":"https:\/\/mayarstyle.com\/fr\/wp-json\/wp\/v2\/product"}],"about":[{"href":"https:\/\/mayarstyle.com\/fr\/wp-json\/wp\/v2\/types\/product"}],"replies":[{"embeddable":true,"href":"https:\/\/mayarstyle.com\/fr\/wp-json\/wp\/v2\/comments?post=1439"}],"version-history":[{"count":1,"href":"https:\/\/mayarstyle.com\/fr\/wp-json\/wp\/v2\/product\/1439\/revisions"}],"predecessor-version":[{"id":1443,"href":"https:\/\/mayarstyle.com\/fr\/wp-json\/wp\/v2\/product\/1439\/revisions\/1443"}],"wp:featuredmedia":[{"embeddable":true,"href":"https:\/\/mayarstyle.com\/fr\/wp-json\/wp\/v2\/media\/1440"}],"wp:attachment":[{"href":"https:\/\/mayarstyle.com\/fr\/wp-json\/wp\/v2\/media?parent=1439"}],"wp:term":[{"taxonomy":"product_cat","embeddable":true,"href":"https:\/\/mayarstyle.com\/fr\/wp-json\/wp\/v2\/product_cat?post=1439"},{"taxonomy":"product_tag","embeddable":true,"href":"https:\/\/mayarstyle.com\/fr\/wp-json\/wp\/v2\/product_tag?post=1439"}],"curies":[{"name":"wp","href":"https:\/\/api.w.org\/{rel}","templated":true}]}}