{"id":1444,"date":"2023-10-12T13:25:09","date_gmt":"2023-10-12T12:25:09","guid":{"rendered":"https:\/\/mayarstyle.com\/?post_type=product&#038;p=1444"},"modified":"2024-05-27T16:09:34","modified_gmt":"2024-05-27T12:09:34","slug":"maear0007","status":"publish","type":"product","link":"https:\/\/mayarstyle.com\/fr\/product\/maear0007\/","title":{"rendered":"MAEAR0007"},"content":{"rendered":"<p>Ensemble Grace bicolore\u00a0: d\u00e9couvrez le luxe de cet ensemble collier et boucles d&#039;oreilles, magnifiquement plaqu\u00e9s en or et en argent. Ce duo offre un m\u00e9lange harmonieux d&#039;\u00e9l\u00e9gance classique et de design moderne, ce qui en fait une pi\u00e8ce remarquable pour toute occasion.<\/p>","protected":false},"excerpt":{"rendered":"<p>Collier plaqu\u00e9 or et argent + Boucles d&#039;oreilles.<\/p>","protected":false},"featured_media":1445,"comment_status":"open","ping_status":"closed","template":"","meta":{"site-sidebar-layout":"default","site-content-layout":"default","ast-global-header-display":"","ast-banner-title-visibility":"","ast-main-header-display":"","ast-hfb-above-header-display":"","ast-hfb-below-header-display":"","ast-hfb-mobile-header-display":"","site-post-title":"","ast-breadcrumbs-content":"","ast-featured-img":"","footer-sml-layout":"","theme-transparent-header-meta":"default","adv-header-id-meta":"","stick-header-meta":"","header-above-stick-meta":"","header-main-stick-meta":"","header-below-stick-meta":""},"product_cat":[33],"product_tag":[],"_links":{"self":[{"href":"https:\/\/mayarstyle.com\/fr\/wp-json\/wp\/v2\/product\/1444"}],"collection":[{"href":"https:\/\/mayarstyle.com\/fr\/wp-json\/wp\/v2\/product"}],"about":[{"href":"https:\/\/mayarstyle.com\/fr\/wp-json\/wp\/v2\/types\/product"}],"replies":[{"embeddable":true,"href":"https:\/\/mayarstyle.com\/fr\/wp-json\/wp\/v2\/comments?post=1444"}],"version-history":[{"count":1,"href":"https:\/\/mayarstyle.com\/fr\/wp-json\/wp\/v2\/product\/1444\/revisions"}],"predecessor-version":[{"id":1446,"href":"https:\/\/mayarstyle.com\/fr\/wp-json\/wp\/v2\/product\/1444\/revisions\/1446"}],"wp:featuredmedia":[{"embeddable":true,"href":"https:\/\/mayarstyle.com\/fr\/wp-json\/wp\/v2\/media\/1445"}],"wp:attachment":[{"href":"https:\/\/mayarstyle.com\/fr\/wp-json\/wp\/v2\/media?parent=1444"}],"wp:term":[{"taxonomy":"product_cat","embeddable":true,"href":"https:\/\/mayarstyle.com\/fr\/wp-json\/wp\/v2\/product_cat?post=1444"},{"taxonomy":"product_tag","embeddable":true,"href":"https:\/\/mayarstyle.com\/fr\/wp-json\/wp\/v2\/product_tag?post=1444"}],"curies":[{"name":"wp","href":"https:\/\/api.w.org\/{rel}","templated":true}]}}