{"id":1463,"date":"2023-10-12T13:40:20","date_gmt":"2023-10-12T12:40:20","guid":{"rendered":"https:\/\/mayarstyle.com\/?post_type=product&#038;p=1463"},"modified":"2024-05-27T16:07:06","modified_gmt":"2024-05-27T12:07:06","slug":"mabbra0016","status":"publish","type":"product","link":"https:\/\/mayarstyle.com\/fr\/product\/mabbra0016\/","title":{"rendered":"MABBRA0016"},"content":{"rendered":"<p>Bracelet de tennis Silver Elegance\u00a0: Rayonnez de sophistication avec ce bracelet de tennis magnifiquement con\u00e7u, plaqu\u00e9 en argent brillant. Son design classique garantit qu&#039;il compl\u00e8te n&#039;importe quelle tenue, ce qui en fait un ajout incontournable \u00e0 votre collection de bijoux.<\/p>","protected":false},"excerpt":{"rendered":"<p>Bracelet Tennis \u00c9l\u00e9gance Argent<\/p>","protected":false},"featured_media":1464,"comment_status":"open","ping_status":"closed","template":"","meta":{"site-sidebar-layout":"default","site-content-layout":"default","ast-global-header-display":"","ast-banner-title-visibility":"","ast-main-header-display":"","ast-hfb-above-header-display":"","ast-hfb-below-header-display":"","ast-hfb-mobile-header-display":"","site-post-title":"","ast-breadcrumbs-content":"","ast-featured-img":"","footer-sml-layout":"","theme-transparent-header-meta":"default","adv-header-id-meta":"","stick-header-meta":"","header-above-stick-meta":"","header-main-stick-meta":"","header-below-stick-meta":""},"product_cat":[35],"product_tag":[],"_links":{"self":[{"href":"https:\/\/mayarstyle.com\/fr\/wp-json\/wp\/v2\/product\/1463"}],"collection":[{"href":"https:\/\/mayarstyle.com\/fr\/wp-json\/wp\/v2\/product"}],"about":[{"href":"https:\/\/mayarstyle.com\/fr\/wp-json\/wp\/v2\/types\/product"}],"replies":[{"embeddable":true,"href":"https:\/\/mayarstyle.com\/fr\/wp-json\/wp\/v2\/comments?post=1463"}],"version-history":[{"count":1,"href":"https:\/\/mayarstyle.com\/fr\/wp-json\/wp\/v2\/product\/1463\/revisions"}],"predecessor-version":[{"id":1466,"href":"https:\/\/mayarstyle.com\/fr\/wp-json\/wp\/v2\/product\/1463\/revisions\/1466"}],"wp:featuredmedia":[{"embeddable":true,"href":"https:\/\/mayarstyle.com\/fr\/wp-json\/wp\/v2\/media\/1464"}],"wp:attachment":[{"href":"https:\/\/mayarstyle.com\/fr\/wp-json\/wp\/v2\/media?parent=1463"}],"wp:term":[{"taxonomy":"product_cat","embeddable":true,"href":"https:\/\/mayarstyle.com\/fr\/wp-json\/wp\/v2\/product_cat?post=1463"},{"taxonomy":"product_tag","embeddable":true,"href":"https:\/\/mayarstyle.com\/fr\/wp-json\/wp\/v2\/product_tag?post=1463"}],"curies":[{"name":"wp","href":"https:\/\/api.w.org\/{rel}","templated":true}]}}