{"id":1467,"date":"2023-10-12T13:43:45","date_gmt":"2023-10-12T12:43:45","guid":{"rendered":"https:\/\/mayarstyle.com\/?post_type=product&#038;p=1467"},"modified":"2024-05-27T16:05:36","modified_gmt":"2024-05-27T12:05:36","slug":"mabbra0017","status":"publish","type":"product","link":"https:\/\/mayarstyle.com\/fr\/product\/mabbra0017\/","title":{"rendered":"MABBRA0017"},"content":{"rendered":"<p>Bracelet de tennis plaqu\u00e9 argent brillant\u00a0: Ornez votre poignet avec ce bracelet de tennis classique, superbement plaqu\u00e9 en argent scintillant. Son design intemporel et sa finition \u00e9l\u00e9gante en font une pi\u00e8ce pr\u00e9cieuse pour tout amateur de bijoux.<\/p>","protected":false},"excerpt":{"rendered":"<p>Bracelet tennis plaqu\u00e9 argent brillant<\/p>","protected":false},"featured_media":1468,"comment_status":"open","ping_status":"closed","template":"","meta":{"site-sidebar-layout":"default","site-content-layout":"default","ast-global-header-display":"","ast-banner-title-visibility":"","ast-main-header-display":"","ast-hfb-above-header-display":"","ast-hfb-below-header-display":"","ast-hfb-mobile-header-display":"","site-post-title":"","ast-breadcrumbs-content":"","ast-featured-img":"","footer-sml-layout":"","theme-transparent-header-meta":"default","adv-header-id-meta":"","stick-header-meta":"","header-above-stick-meta":"","header-main-stick-meta":"","header-below-stick-meta":""},"product_cat":[35],"product_tag":[],"_links":{"self":[{"href":"https:\/\/mayarstyle.com\/fr\/wp-json\/wp\/v2\/product\/1467"}],"collection":[{"href":"https:\/\/mayarstyle.com\/fr\/wp-json\/wp\/v2\/product"}],"about":[{"href":"https:\/\/mayarstyle.com\/fr\/wp-json\/wp\/v2\/types\/product"}],"replies":[{"embeddable":true,"href":"https:\/\/mayarstyle.com\/fr\/wp-json\/wp\/v2\/comments?post=1467"}],"version-history":[{"count":1,"href":"https:\/\/mayarstyle.com\/fr\/wp-json\/wp\/v2\/product\/1467\/revisions"}],"predecessor-version":[{"id":1470,"href":"https:\/\/mayarstyle.com\/fr\/wp-json\/wp\/v2\/product\/1467\/revisions\/1470"}],"wp:featuredmedia":[{"embeddable":true,"href":"https:\/\/mayarstyle.com\/fr\/wp-json\/wp\/v2\/media\/1468"}],"wp:attachment":[{"href":"https:\/\/mayarstyle.com\/fr\/wp-json\/wp\/v2\/media?parent=1467"}],"wp:term":[{"taxonomy":"product_cat","embeddable":true,"href":"https:\/\/mayarstyle.com\/fr\/wp-json\/wp\/v2\/product_cat?post=1467"},{"taxonomy":"product_tag","embeddable":true,"href":"https:\/\/mayarstyle.com\/fr\/wp-json\/wp\/v2\/product_tag?post=1467"}],"curies":[{"name":"wp","href":"https:\/\/api.w.org\/{rel}","templated":true}]}}