{"id":1471,"date":"2023-10-12T13:45:42","date_gmt":"2023-10-12T12:45:42","guid":{"rendered":"https:\/\/mayarstyle.com\/?post_type=product&#038;p=1471"},"modified":"2024-05-27T15:52:55","modified_gmt":"2024-05-27T11:52:55","slug":"mabbra0018","status":"publish","type":"product","link":"https:\/\/mayarstyle.com\/fr\/product\/mabbra0018\/","title":{"rendered":"MABBRA0018"},"content":{"rendered":"<p>Bracelet tennis intemporel plaqu\u00e9 argent : embellissez votre poignet avec ce bracelet tennis au design \u00e9l\u00e9gant, magnifiquement plaqu\u00e9 en argent \u00e9clatant. Son style classique en fait une pi\u00e8ce polyvalente, parfaite pour les occasions d\u00e9contract\u00e9es et formelles.<\/p>","protected":false},"excerpt":{"rendered":"<p>Bracelet tennis intemporel en plaqu\u00e9 argent<\/p>","protected":false},"featured_media":1472,"comment_status":"open","ping_status":"closed","template":"","meta":{"site-sidebar-layout":"default","site-content-layout":"default","ast-global-header-display":"","ast-banner-title-visibility":"","ast-main-header-display":"","ast-hfb-above-header-display":"","ast-hfb-below-header-display":"","ast-hfb-mobile-header-display":"","site-post-title":"","ast-breadcrumbs-content":"","ast-featured-img":"","footer-sml-layout":"","theme-transparent-header-meta":"default","adv-header-id-meta":"","stick-header-meta":"","header-above-stick-meta":"","header-main-stick-meta":"","header-below-stick-meta":""},"product_cat":[35],"product_tag":[],"_links":{"self":[{"href":"https:\/\/mayarstyle.com\/fr\/wp-json\/wp\/v2\/product\/1471"}],"collection":[{"href":"https:\/\/mayarstyle.com\/fr\/wp-json\/wp\/v2\/product"}],"about":[{"href":"https:\/\/mayarstyle.com\/fr\/wp-json\/wp\/v2\/types\/product"}],"replies":[{"embeddable":true,"href":"https:\/\/mayarstyle.com\/fr\/wp-json\/wp\/v2\/comments?post=1471"}],"version-history":[{"count":1,"href":"https:\/\/mayarstyle.com\/fr\/wp-json\/wp\/v2\/product\/1471\/revisions"}],"predecessor-version":[{"id":1474,"href":"https:\/\/mayarstyle.com\/fr\/wp-json\/wp\/v2\/product\/1471\/revisions\/1474"}],"wp:featuredmedia":[{"embeddable":true,"href":"https:\/\/mayarstyle.com\/fr\/wp-json\/wp\/v2\/media\/1472"}],"wp:attachment":[{"href":"https:\/\/mayarstyle.com\/fr\/wp-json\/wp\/v2\/media?parent=1471"}],"wp:term":[{"taxonomy":"product_cat","embeddable":true,"href":"https:\/\/mayarstyle.com\/fr\/wp-json\/wp\/v2\/product_cat?post=1471"},{"taxonomy":"product_tag","embeddable":true,"href":"https:\/\/mayarstyle.com\/fr\/wp-json\/wp\/v2\/product_tag?post=1471"}],"curies":[{"name":"wp","href":"https:\/\/api.w.org\/{rel}","templated":true}]}}