{"id":756,"date":"2023-06-22T15:09:43","date_gmt":"2023-06-22T14:09:43","guid":{"rendered":"https:\/\/mayarstyle.com\/?post_type=product&#038;p=756"},"modified":"2023-10-14T15:28:50","modified_gmt":"2023-10-14T14:28:50","slug":"mayar-set-005","status":"publish","type":"product","link":"https:\/\/mayarstyle.com\/fr\/product\/mayar-set-005\/","title":{"rendered":"Ensemble Mayar 005"},"content":{"rendered":"<p>L&#039;ensemble de bijoux 18 carats de la collection arabe de style Mayar est un ensemble de bijoux \u00e9poustouflant et complexe qui c\u00e9l\u00e8bre le riche h\u00e9ritage culturel du Moyen-Orient. Cet ensemble comprend un collier, un bracelet et des boucles d&#039;oreilles, tous fabriqu\u00e9s en or 18 carats de haute qualit\u00e9.<\/p>\n<p>Le collier comporte un magnifique pendentif avec une calligraphie arabe complexe, caract\u00e9ristique du design arabe traditionnel. Le bracelet et les boucles d&#039;oreilles compl\u00e8tent parfaitement le collier avec des \u00e9l\u00e9ments de design assortis. Les pi\u00e8ces sont con\u00e7ues pour \u00eatre polyvalentes et peuvent \u00eatre port\u00e9es lors de divers \u00e9v\u00e9nements, des occasions formelles au quotidien.<\/p>\n<p>Fabriqu\u00e9 avec une attention m\u00e9ticuleuse aux d\u00e9tails, cet ensemble de bijoux est non seulement beau, mais \u00e9galement durable gr\u00e2ce \u00e0 ses mat\u00e9riaux et son savoir-faire de haute qualit\u00e9. Les pi\u00e8ces sont con\u00e7ues pour \u00eatre confortables \u00e0 porter, avec un fermoir s\u00e9curis\u00e9 sur le collier et le bracelet.<\/p>\n<p>Dans l&#039;ensemble, l&#039;ensemble de bijoux 18 carats de la collection Mayar Style Arabic est un t\u00e9moignage de la beaut\u00e9 et de la richesse de la culture arabe. C&#039;est une pi\u00e8ce d&#039;investissement intemporelle et \u00e9l\u00e9gante qui deviendra certainement un \u00e9l\u00e9ment pr\u00e9cieux de toute collection de bijoux.<\/p>","protected":false},"excerpt":{"rendered":"<div class=\"ChatMessage_messageRow__7yIr2\" data-complete=\"true\">\n<div class=\"ChatMessage_messageWrapper__Zf87D\">\n<div class=\"Message_row___ur0Y\">\n<div class=\"Message_humanMessageBubble__Nld4j\">\n<div class=\"Markdown_markdownContainer__UyYrv\"><\/div>\n<\/div>\n<\/div>\n<div class=\"Message_humanOptimisticFooter__zm1hu\"><span style=\"font-size: 16px;\">L&#039;ensemble de bijoux 18 carats de la collection arabe de style Mayar est un ensemble de bijoux \u00e9poustouflant et complexe qui c\u00e9l\u00e8bre le riche h\u00e9ritage culturel du Moyen-Orient.<\/span><\/div>\n<\/div>\n<\/div>","protected":false},"featured_media":759,"comment_status":"open","ping_status":"closed","template":"","meta":{"site-sidebar-layout":"default","site-content-layout":"default","ast-global-header-display":"","ast-banner-title-visibility":"","ast-main-header-display":"","ast-hfb-above-header-display":"","ast-hfb-below-header-display":"","ast-hfb-mobile-header-display":"","site-post-title":"","ast-breadcrumbs-content":"","ast-featured-img":"","footer-sml-layout":"","theme-transparent-header-meta":"default","adv-header-id-meta":"","stick-header-meta":"","header-above-stick-meta":"","header-main-stick-meta":"","header-below-stick-meta":""},"product_cat":[17],"product_tag":[],"_links":{"self":[{"href":"https:\/\/mayarstyle.com\/fr\/wp-json\/wp\/v2\/product\/756"}],"collection":[{"href":"https:\/\/mayarstyle.com\/fr\/wp-json\/wp\/v2\/product"}],"about":[{"href":"https:\/\/mayarstyle.com\/fr\/wp-json\/wp\/v2\/types\/product"}],"replies":[{"embeddable":true,"href":"https:\/\/mayarstyle.com\/fr\/wp-json\/wp\/v2\/comments?post=756"}],"version-history":[{"count":1,"href":"https:\/\/mayarstyle.com\/fr\/wp-json\/wp\/v2\/product\/756\/revisions"}],"predecessor-version":[{"id":762,"href":"https:\/\/mayarstyle.com\/fr\/wp-json\/wp\/v2\/product\/756\/revisions\/762"}],"wp:featuredmedia":[{"embeddable":true,"href":"https:\/\/mayarstyle.com\/fr\/wp-json\/wp\/v2\/media\/759"}],"wp:attachment":[{"href":"https:\/\/mayarstyle.com\/fr\/wp-json\/wp\/v2\/media?parent=756"}],"wp:term":[{"taxonomy":"product_cat","embeddable":true,"href":"https:\/\/mayarstyle.com\/fr\/wp-json\/wp\/v2\/product_cat?post=756"},{"taxonomy":"product_tag","embeddable":true,"href":"https:\/\/mayarstyle.com\/fr\/wp-json\/wp\/v2\/product_tag?post=756"}],"curies":[{"name":"wp","href":"https:\/\/api.w.org\/{rel}","templated":true}]}}